{"id":101,"date":"2024-06-22T18:55:41","date_gmt":"2024-06-22T18:55:41","guid":{"rendered":"https:\/\/rp.kehu.dk\/?page_id=101"},"modified":"2024-06-30T15:45:46","modified_gmt":"2024-06-30T15:45:46","slug":"home","status":"publish","type":"page","link":"https:\/\/rp.kehu.dk\/","title":{"rendered":"Home"},"content":{"rendered":"\n<div class=\"wp-block-cover alignwide is-light hestia-clear-top-padding\" style=\"min-height:875px;aspect-ratio:unset;\"><span aria-hidden=\"true\" class=\"wp-block-cover__background has-white-background-color has-background-dim-100 has-background-dim\"><\/span><div class=\"wp-block-cover__inner-container is-layout-flow wp-block-cover-is-layout-flow\">\n<h2 class=\"wp-block-heading has-text-align-center has-text-color\" style=\"color:#3c4858\"><strong>R\u00e2zap\u00e2z i R\u00f8nne er en vinbar &amp; et spiseri.<\/strong><\/h2>\n\n\n\n<p class=\"has-text-align-center\">Her laver vi en simpel bistro-agtig 5 retters menu eller et lille udvalg af Tapas.<br>Vinkort er stort og fyldestg\u00f8rende for b\u00e5de traditionel vin &amp; for moderne naturlig vin.<\/p>\n\n\n\n<div style=\"height:24px\" aria-hidden=\"true\" class=\"wp-block-spacer\"><\/div>\n\n\n\n<div class=\"wp-block-columns is-layout-flex wp-container-core-columns-is-layout-28f84493 wp-block-columns-is-layout-flex\">\n<div class=\"wp-block-column is-layout-flow wp-block-column-is-layout-flow\">\n<figure class=\"wp-block-image size-large\"><img loading=\"lazy\" decoding=\"async\" width=\"724\" height=\"1024\" src=\"https:\/\/rp.kehu.dk\/wp-content\/uploads\/2024\/06\/Frokost-19-06-2024-image3-724x1024.png\" alt=\"\" class=\"wp-image-161\" srcset=\"https:\/\/rp.kehu.dk\/wp-content\/uploads\/2024\/06\/Frokost-19-06-2024-image3-724x1024.png 724w, https:\/\/rp.kehu.dk\/wp-content\/uploads\/2024\/06\/Frokost-19-06-2024-image3-212x300.png 212w, https:\/\/rp.kehu.dk\/wp-content\/uploads\/2024\/06\/Frokost-19-06-2024-image3-768x1086.png 768w, https:\/\/rp.kehu.dk\/wp-content\/uploads\/2024\/06\/Frokost-19-06-2024-image3-1086x1536.png 1086w, https:\/\/rp.kehu.dk\/wp-content\/uploads\/2024\/06\/Frokost-19-06-2024-image3-1448x2048.png 1448w\" sizes=\"auto, (max-width: 724px) 100vw, 724px\" \/><\/figure>\n<\/div>\n\n\n\n<div class=\"wp-block-column is-layout-flow wp-block-column-is-layout-flow\">\n<figure class=\"wp-block-image size-large\"><img loading=\"lazy\" decoding=\"async\" width=\"724\" height=\"1024\" src=\"https:\/\/rp.kehu.dk\/wp-content\/uploads\/2024\/06\/Lunch-19-06-2024-image2-724x1024.png\" alt=\"\" class=\"wp-image-162\" srcset=\"https:\/\/rp.kehu.dk\/wp-content\/uploads\/2024\/06\/Lunch-19-06-2024-image2-724x1024.png 724w, https:\/\/rp.kehu.dk\/wp-content\/uploads\/2024\/06\/Lunch-19-06-2024-image2-212x300.png 212w, https:\/\/rp.kehu.dk\/wp-content\/uploads\/2024\/06\/Lunch-19-06-2024-image2-768x1086.png 768w, https:\/\/rp.kehu.dk\/wp-content\/uploads\/2024\/06\/Lunch-19-06-2024-image2-1086x1536.png 1086w, https:\/\/rp.kehu.dk\/wp-content\/uploads\/2024\/06\/Lunch-19-06-2024-image2-1448x2048.png 1448w\" sizes=\"auto, (max-width: 724px) 100vw, 724px\" \/><\/figure>\n<\/div>\n\n\n\n<div class=\"wp-block-column is-layout-flow wp-block-column-is-layout-flow\">\n<figure class=\"wp-block-image size-large\"><img loading=\"lazy\" decoding=\"async\" width=\"724\" height=\"1024\" src=\"https:\/\/rp.kehu.dk\/wp-content\/uploads\/2024\/06\/Aften-19-06-2024-image4-724x1024.png\" alt=\"\" class=\"wp-image-163\" srcset=\"https:\/\/rp.kehu.dk\/wp-content\/uploads\/2024\/06\/Aften-19-06-2024-image4-724x1024.png 724w, https:\/\/rp.kehu.dk\/wp-content\/uploads\/2024\/06\/Aften-19-06-2024-image4-212x300.png 212w, https:\/\/rp.kehu.dk\/wp-content\/uploads\/2024\/06\/Aften-19-06-2024-image4-768x1086.png 768w, https:\/\/rp.kehu.dk\/wp-content\/uploads\/2024\/06\/Aften-19-06-2024-image4-1086x1536.png 1086w, https:\/\/rp.kehu.dk\/wp-content\/uploads\/2024\/06\/Aften-19-06-2024-image4-1448x2048.png 1448w\" sizes=\"auto, (max-width: 724px) 100vw, 724px\" \/><\/figure>\n<\/div>\n<\/div>\n\n\n\n<p class=\"has-text-align-center\"><strong>\u00c5bent hele \u00e5ret.<\/strong><br>Lavs\u00e6son: Mandag-L\u00f8rdag fra 17:30-23ish<br>H\u00f8js\u00e6son: Alle dage, frokost og aften.<\/p>\n\n\n\n<div style=\"height:40px\" aria-hidden=\"true\" class=\"wp-block-spacer\"><\/div>\n<\/div><\/div>\n\n\n\n<div class=\"wp-block-columns is-layout-flex wp-container-core-columns-is-layout-28f84493 wp-block-columns-is-layout-flex\">\n<div class=\"wp-block-column is-layout-flow wp-block-column-is-layout-flow\">\n<figure class=\"wp-block-image size-large\"><img loading=\"lazy\" decoding=\"async\" width=\"1024\" height=\"1024\" src=\"https:\/\/rp.kehu.dk\/wp-content\/uploads\/2024\/06\/razapaz-8-1-1024x1024.jpg\" alt=\"\" class=\"wp-image-377\" style=\"aspect-ratio:1;object-fit:cover\" srcset=\"https:\/\/rp.kehu.dk\/wp-content\/uploads\/2024\/06\/razapaz-8-1-1024x1024.jpg 1024w, https:\/\/rp.kehu.dk\/wp-content\/uploads\/2024\/06\/razapaz-8-1-300x300.jpg 300w, https:\/\/rp.kehu.dk\/wp-content\/uploads\/2024\/06\/razapaz-8-1-150x150.jpg 150w, https:\/\/rp.kehu.dk\/wp-content\/uploads\/2024\/06\/razapaz-8-1-768x768.jpg 768w, https:\/\/rp.kehu.dk\/wp-content\/uploads\/2024\/06\/razapaz-8-1.jpg 1440w\" sizes=\"auto, (max-width: 1024px) 100vw, 1024px\" \/><\/figure>\n<\/div>\n\n\n\n<div class=\"wp-block-column is-layout-flow wp-block-column-is-layout-flow\">\n<figure class=\"wp-block-image size-large\"><img loading=\"lazy\" decoding=\"async\" width=\"1024\" height=\"683\" src=\"https:\/\/rp.kehu.dk\/wp-content\/uploads\/2024\/06\/razapaz-10-1024x683.jpg\" alt=\"\" class=\"wp-image-379\" style=\"aspect-ratio:1;object-fit:cover\" srcset=\"https:\/\/rp.kehu.dk\/wp-content\/uploads\/2024\/06\/razapaz-10-1024x683.jpg 1024w, https:\/\/rp.kehu.dk\/wp-content\/uploads\/2024\/06\/razapaz-10-300x200.jpg 300w, https:\/\/rp.kehu.dk\/wp-content\/uploads\/2024\/06\/razapaz-10-768x513.jpg 768w, https:\/\/rp.kehu.dk\/wp-content\/uploads\/2024\/06\/razapaz-10-360x240.jpg 360w, https:\/\/rp.kehu.dk\/wp-content\/uploads\/2024\/06\/razapaz-10.jpg 1440w\" sizes=\"auto, (max-width: 1024px) 100vw, 1024px\" \/><\/figure>\n<\/div>\n\n\n\n<div class=\"wp-block-column is-layout-flow wp-block-column-is-layout-flow\">\n<figure class=\"wp-block-image size-large\"><img loading=\"lazy\" decoding=\"async\" width=\"819\" height=\"1024\" src=\"https:\/\/rp.kehu.dk\/wp-content\/uploads\/2024\/06\/razapaz-12-819x1024.jpg\" alt=\"\" class=\"wp-image-381\" style=\"aspect-ratio:1;object-fit:cover\" srcset=\"https:\/\/rp.kehu.dk\/wp-content\/uploads\/2024\/06\/razapaz-12-819x1024.jpg 819w, https:\/\/rp.kehu.dk\/wp-content\/uploads\/2024\/06\/razapaz-12-240x300.jpg 240w, https:\/\/rp.kehu.dk\/wp-content\/uploads\/2024\/06\/razapaz-12-768x960.jpg 768w, https:\/\/rp.kehu.dk\/wp-content\/uploads\/2024\/06\/razapaz-12.jpg 1125w\" sizes=\"auto, (max-width: 819px) 100vw, 819px\" \/><\/figure>\n<\/div>\n<\/div>\n","protected":false},"excerpt":{"rendered":"","protected":false},"author":1,"featured_media":0,"parent":0,"menu_order":0,"comment_status":"closed","ping_status":"closed","template":"","meta":{"footnotes":""},"class_list":["post-101","page","type-page","status-publish","hentry"],"_links":{"self":[{"href":"https:\/\/rp.kehu.dk\/index.php?rest_route=\/wp\/v2\/pages\/101","targetHints":{"allow":["GET"]}}],"collection":[{"href":"https:\/\/rp.kehu.dk\/index.php?rest_route=\/wp\/v2\/pages"}],"about":[{"href":"https:\/\/rp.kehu.dk\/index.php?rest_route=\/wp\/v2\/types\/page"}],"author":[{"embeddable":true,"href":"https:\/\/rp.kehu.dk\/index.php?rest_route=\/wp\/v2\/users\/1"}],"replies":[{"embeddable":true,"href":"https:\/\/rp.kehu.dk\/index.php?rest_route=%2Fwp%2Fv2%2Fcomments&post=101"}],"version-history":[{"count":22,"href":"https:\/\/rp.kehu.dk\/index.php?rest_route=\/wp\/v2\/pages\/101\/revisions"}],"predecessor-version":[{"id":385,"href":"https:\/\/rp.kehu.dk\/index.php?rest_route=\/wp\/v2\/pages\/101\/revisions\/385"}],"wp:attachment":[{"href":"https:\/\/rp.kehu.dk\/index.php?rest_route=%2Fwp%2Fv2%2Fmedia&parent=101"}],"curies":[{"name":"wp","href":"https:\/\/api.w.org\/{rel}","templated":true}]}}