{"id":236,"date":"2024-06-22T22:16:33","date_gmt":"2024-06-22T22:16:33","guid":{"rendered":"https:\/\/rp.kehu.dk\/?page_id=236"},"modified":"2025-04-07T20:11:04","modified_gmt":"2025-04-07T20:11:04","slug":"sniva","status":"publish","type":"page","link":"https:\/\/rp.kehu.dk\/?page_id=236","title":{"rendered":"Hotel"},"content":{"rendered":"\n<div class=\"wp-block-columns is-layout-flex wp-container-core-columns-is-layout-28f84493 wp-block-columns-is-layout-flex\">\n<div class=\"wp-block-column is-layout-flow wp-block-column-is-layout-flow\" style=\"flex-basis:66.66%\">\n<blockquote class=\"wp-block-quote is-layout-flow wp-block-quote-is-layout-flow\">\n<figure class=\"wp-block-image size-large is-resized\"><img loading=\"lazy\" decoding=\"async\" width=\"1024\" height=\"306\" src=\"https:\/\/rp.kehu.dk\/wp-content\/uploads\/2024\/06\/Sniva-1024x306.png\" alt=\"\" class=\"wp-image-340\" style=\"width:161px;height:auto\" srcset=\"https:\/\/rp.kehu.dk\/wp-content\/uploads\/2024\/06\/Sniva-1024x306.png 1024w, https:\/\/rp.kehu.dk\/wp-content\/uploads\/2024\/06\/Sniva-300x90.png 300w, https:\/\/rp.kehu.dk\/wp-content\/uploads\/2024\/06\/Sniva-768x230.png 768w, https:\/\/rp.kehu.dk\/wp-content\/uploads\/2024\/06\/Sniva-1536x459.png 1536w, https:\/\/rp.kehu.dk\/wp-content\/uploads\/2024\/06\/Sniva-2048x613.png 2048w\" sizes=\"auto, (max-width: 1024px) 100vw, 1024px\" \/><\/figure>\n\n\n\n<div class=\"wp-block-buttons is-layout-flex wp-block-buttons-is-layout-flex\">\n<div class=\"wp-block-button\"><a class=\"wp-block-button__link wp-element-button\" href=\"https:\/\/sniva.booking.site\/\" style=\"border-radius:13px\">Book v\u00e6relse<\/a><\/div>\n<\/div>\n\n\n\n<p><\/p>\n\n\n\n<p><strong>V E L K O M M E N <\/strong><\/p>\n<cite>Hotel Sniva er langt mere end et hotel. Hotel Sniva er mest af alt en stemning, og s\u00e5 er det en base for vores g\u00e6ster. Vi er et hus der tager imod sine g\u00e6ster p\u00e5 en uh\u00f8jtidelig og afslappet m\u00e5de og vi l\u00e6gger stor v\u00e6gt p\u00e5 v\u00e6rtskab og den personlige betjening.<br><br>Vi har mulighed for at v\u00e6re vores g\u00e6ster behj\u00e6lpelige med alt fra restaurantbooking, guides til oplevelser p\u00e5 \u00f8en samt praktisk hj\u00e6lp til eksempelvis leje af cykler m.m. Udover dette tilbyder vi et n\u00e6rv\u00e6r man normalt ikke finder p\u00e5 et lavpris B&amp;B hotel. Og s\u00e5 har vi \u00e5bent hele \u00e5ret! <br><br>Hotellets placering p\u00e5 Laksetorvet midt i R\u00f8nne centrum g\u00f8r det nemt og praktisk for dig at komme rundt p\u00e5 \u00f8en herfra, uanset om du skal med offentligt transportmiddel, egen bil eller cykel. Hotellet tilbyder mulighed for gratis offentlig parkering hvis du har din bil med og ellers ligger vi g\u00e5afstand til bus\/taxiholdeplads, den gamle bydel i R\u00f8nne samt skov og strand. Ligeledes er der kun 15 min. Gang til f\u00e6rgeterminalen og 10 min. K\u00f8rsel til lufthavnen. <br><br>T\u00e6t p\u00e5 hotellet er der flere spisesteder og indk\u00f8bsmuligheder, og en kort g\u00e5tur p\u00e5 200 meter, s\u00e5 er man ved N\u00f8rrek\u00e5s Lystb\u00e5dehavn og smuk lille sandstrand med panoramaudsigt over R\u00f8nne bugt. Til hotellet h\u00f8rer ogs\u00e5 en stor og dejlig ugeneret g\u00e5rdhave, hvor I som g\u00e6ster vil kunne nyde solen og slappe af i h\u00e6ngek\u00f8jer, spise en let frokost og f\u00e5 en drink eller l\u00e6se en god bog n\u00e5r I har lyst til det.<\/cite><\/blockquote>\n<\/div>\n\n\n\n<div class=\"wp-block-column is-layout-flow wp-block-column-is-layout-flow\" style=\"flex-basis:33.33%\">\n<figure class=\"wp-block-image size-full\"><img loading=\"lazy\" decoding=\"async\" width=\"732\" height=\"1024\" src=\"https:\/\/rp.kehu.dk\/wp-content\/uploads\/2024\/06\/Sniva-3.jpg\" alt=\"\" class=\"wp-image-336\" srcset=\"https:\/\/rp.kehu.dk\/wp-content\/uploads\/2024\/06\/Sniva-3.jpg 732w, https:\/\/rp.kehu.dk\/wp-content\/uploads\/2024\/06\/Sniva-3-214x300.jpg 214w\" sizes=\"auto, (max-width: 732px) 100vw, 732px\" \/><\/figure>\n\n\n\n<div style=\"height:20px\" aria-hidden=\"true\" class=\"wp-block-spacer\"><\/div>\n\n\n\n<figure class=\"wp-block-image size-full\"><img loading=\"lazy\" decoding=\"async\" width=\"1024\" height=\"683\" src=\"https:\/\/rp.kehu.dk\/wp-content\/uploads\/2024\/06\/Sniva-2.jpg\" alt=\"\" class=\"wp-image-335\" srcset=\"https:\/\/rp.kehu.dk\/wp-content\/uploads\/2024\/06\/Sniva-2.jpg 1024w, https:\/\/rp.kehu.dk\/wp-content\/uploads\/2024\/06\/Sniva-2-300x200.jpg 300w, https:\/\/rp.kehu.dk\/wp-content\/uploads\/2024\/06\/Sniva-2-768x512.jpg 768w, https:\/\/rp.kehu.dk\/wp-content\/uploads\/2024\/06\/Sniva-2-360x240.jpg 360w\" sizes=\"auto, (max-width: 1024px) 100vw, 1024px\" \/><\/figure>\n<\/div>\n<\/div>\n\n\n\n<p><\/p>\n\n\n\n<div class=\"wp-block-columns is-layout-flex wp-container-core-columns-is-layout-28f84493 wp-block-columns-is-layout-flex\">\n<div class=\"wp-block-column is-layout-flow wp-block-column-is-layout-flow\">\n<figure class=\"wp-block-image size-full\"><img loading=\"lazy\" decoding=\"async\" width=\"683\" height=\"1024\" src=\"https:\/\/rp.kehu.dk\/wp-content\/uploads\/2024\/06\/Sniva-6.jpg\" alt=\"\" class=\"wp-image-339\" style=\"aspect-ratio:3\/4;object-fit:cover\" srcset=\"https:\/\/rp.kehu.dk\/wp-content\/uploads\/2024\/06\/Sniva-6.jpg 683w, https:\/\/rp.kehu.dk\/wp-content\/uploads\/2024\/06\/Sniva-6-200x300.jpg 200w\" sizes=\"auto, (max-width: 683px) 100vw, 683px\" \/><\/figure>\n<\/div>\n\n\n\n<div class=\"wp-block-column is-layout-flow wp-block-column-is-layout-flow\">\n<figure class=\"wp-block-image size-full\"><img loading=\"lazy\" decoding=\"async\" width=\"732\" height=\"1024\" src=\"https:\/\/rp.kehu.dk\/wp-content\/uploads\/2024\/06\/Sniva-4.jpg\" alt=\"\" class=\"wp-image-337\" style=\"aspect-ratio:3\/4;object-fit:cover\" srcset=\"https:\/\/rp.kehu.dk\/wp-content\/uploads\/2024\/06\/Sniva-4.jpg 732w, https:\/\/rp.kehu.dk\/wp-content\/uploads\/2024\/06\/Sniva-4-214x300.jpg 214w\" sizes=\"auto, (max-width: 732px) 100vw, 732px\" \/><\/figure>\n<\/div>\n\n\n\n<div class=\"wp-block-column is-layout-flow wp-block-column-is-layout-flow\">\n<figure class=\"wp-block-image size-large\"><img loading=\"lazy\" decoding=\"async\" width=\"819\" height=\"1024\" src=\"https:\/\/rp.kehu.dk\/wp-content\/uploads\/2024\/06\/Sniva-1jpg-819x1024.jpg\" alt=\"\" class=\"wp-image-334\" style=\"aspect-ratio:3\/4;object-fit:cover\" srcset=\"https:\/\/rp.kehu.dk\/wp-content\/uploads\/2024\/06\/Sniva-1jpg-819x1024.jpg 819w, https:\/\/rp.kehu.dk\/wp-content\/uploads\/2024\/06\/Sniva-1jpg-240x300.jpg 240w, https:\/\/rp.kehu.dk\/wp-content\/uploads\/2024\/06\/Sniva-1jpg-768x960.jpg 768w, https:\/\/rp.kehu.dk\/wp-content\/uploads\/2024\/06\/Sniva-1jpg-1229x1536.jpg 1229w, https:\/\/rp.kehu.dk\/wp-content\/uploads\/2024\/06\/Sniva-1jpg.jpg 1440w\" sizes=\"auto, (max-width: 819px) 100vw, 819px\" \/><\/figure>\n<\/div>\n<\/div>\n","protected":false},"excerpt":{"rendered":"<p>V E L K O M M E N<\/p>\n","protected":false},"author":1,"featured_media":335,"parent":0,"menu_order":0,"comment_status":"closed","ping_status":"closed","template":"","meta":{"footnotes":""},"class_list":["post-236","page","type-page","status-publish","has-post-thumbnail","hentry"],"_links":{"self":[{"href":"https:\/\/rp.kehu.dk\/index.php?rest_route=\/wp\/v2\/pages\/236","targetHints":{"allow":["GET"]}}],"collection":[{"href":"https:\/\/rp.kehu.dk\/index.php?rest_route=\/wp\/v2\/pages"}],"about":[{"href":"https:\/\/rp.kehu.dk\/index.php?rest_route=\/wp\/v2\/types\/page"}],"author":[{"embeddable":true,"href":"https:\/\/rp.kehu.dk\/index.php?rest_route=\/wp\/v2\/users\/1"}],"replies":[{"embeddable":true,"href":"https:\/\/rp.kehu.dk\/index.php?rest_route=%2Fwp%2Fv2%2Fcomments&post=236"}],"version-history":[{"count":27,"href":"https:\/\/rp.kehu.dk\/index.php?rest_route=\/wp\/v2\/pages\/236\/revisions"}],"predecessor-version":[{"id":398,"href":"https:\/\/rp.kehu.dk\/index.php?rest_route=\/wp\/v2\/pages\/236\/revisions\/398"}],"wp:featuredmedia":[{"embeddable":true,"href":"https:\/\/rp.kehu.dk\/index.php?rest_route=\/wp\/v2\/media\/335"}],"wp:attachment":[{"href":"https:\/\/rp.kehu.dk\/index.php?rest_route=%2Fwp%2Fv2%2Fmedia&parent=236"}],"curies":[{"name":"wp","href":"https:\/\/api.w.org\/{rel}","templated":true}]}}